{"id":2486,"date":"2025-04-02T16:17:24","date_gmt":"2025-04-02T14:17:24","guid":{"rendered":"https:\/\/www.deliverbag.com\/?page_id=2486"},"modified":"2025-04-24T16:38:09","modified_gmt":"2025-04-24T14:38:09","slug":"cookies","status":"publish","type":"page","link":"https:\/\/www.deliverbag.com\/en\/cookies\/","title":{"rendered":"Cookies"},"content":{"rendered":"<div data-elementor-type=\"wp-page\" data-elementor-id=\"2486\" class=\"elementor elementor-2486\" data-elementor-post-type=\"page\">\n\t\t\t\t<div class=\"elementor-element elementor-element-9d9c30d e-flex e-con-boxed e-con e-parent\" data-id=\"9d9c30d\" data-element_type=\"container\">\n\t\t\t\t\t<div class=\"e-con-inner\">\n\t\t\t\t<div class=\"elementor-element elementor-element-347e1db elementor-widget elementor-widget-heading\" data-id=\"347e1db\" data-element_type=\"widget\" data-widget_type=\"heading.default\">\n\t\t\t\t<div class=\"elementor-widget-container\">\n\t\t\t\t\t<h2 class=\"elementor-heading-title elementor-size-default\"><b>Cookies<\/b><\/h2>\t\t\t\t<\/div>\n\t\t\t\t<\/div>\n\t\t\t\t\t<\/div>\n\t\t\t\t<\/div>\n\t\t<div class=\"elementor-element elementor-element-bd75562 e-flex e-con-boxed e-con e-parent\" data-id=\"bd75562\" data-element_type=\"container\">\n\t\t\t\t\t<div class=\"e-con-inner\">\n\t\t<div class=\"elementor-element elementor-element-db782e1 e-con-full e-flex e-con e-child\" data-id=\"db782e1\" data-element_type=\"container\">\n\t\t\t\t<div class=\"elementor-element elementor-element-4b095d7 elementor-widget elementor-widget-heading\" data-id=\"4b095d7\" data-element_type=\"widget\" data-widget_type=\"heading.default\">\n\t\t\t\t<div class=\"elementor-widget-container\">\n\t\t\t\t\t<h2 class=\"elementor-heading-title elementor-size-default\">COOKIES POLICY<\/h2>\t\t\t\t<\/div>\n\t\t\t\t<\/div>\n\t\t\t\t<div class=\"elementor-element elementor-element-45cb173 elementor-widget elementor-widget-text-editor\" data-id=\"45cb173\" data-element_type=\"widget\" data-widget_type=\"text-editor.default\">\n\t\t\t\t<div class=\"elementor-widget-container\">\n\t\t\t\t\t\t\t\t\tOUR WEBSITE USES COOKIES TO ANALYSE OUR USERS' BROWSING HABITS AND TO IMPROVE THE FUNCTIONALITY OF OUR\nOF OUR WEB INTERFACE AND\/OR OUR APPLICATION.\n\nYOU CAN CONFIGURE YOUR BROWSER TO CHECK THE COOKIE SETTINGS AND DECIDE INDIVIDUALLY WHETHER OR NOT TO ACCEPT THEM.\n\nNON-ACCEPTANCE OF COOKIES MAY LIMIT CERTAIN FUNCTIONALITIES OF OUR WEBSITE OR APPLICATION.\t\t\t\t\t\t\t\t<\/div>\n\t\t\t\t<\/div>\n\t\t\t\t<\/div>\n\t\t<div class=\"elementor-element elementor-element-851dcf4 e-con-full e-flex e-con e-child\" data-id=\"851dcf4\" data-element_type=\"container\">\n\t\t\t\t<div class=\"elementor-element elementor-element-d64bcd2 elementor-widget elementor-widget-heading\" data-id=\"d64bcd2\" data-element_type=\"widget\" data-widget_type=\"heading.default\">\n\t\t\t\t<div class=\"elementor-widget-container\">\n\t\t\t\t\t<h2 class=\"elementor-heading-title elementor-size-default\">1. DEFINITION OF A COOKIE<\/h2>\t\t\t\t<\/div>\n\t\t\t\t<\/div>\n\t\t\t\t<div class=\"elementor-element elementor-element-829191a elementor-widget elementor-widget-text-editor\" data-id=\"829191a\" data-element_type=\"widget\" data-widget_type=\"text-editor.default\">\n\t\t\t\t<div class=\"elementor-widget-container\">\n\t\t\t\t\t\t\t\t\t<p>A cookie is a text file placed on the Internet user's browser by the server of the website visited or possibly by a third-party server. A cookie enables a visitor to be identified and recognised when browsing a website by means of a unique identifier. Within the computer, cookies are administered by the browser. No personal data is transmitted in a cookie (surname, first name, e-mail address, etc.).<\/p>\t\t\t\t\t\t\t\t<\/div>\n\t\t\t\t<\/div>\n\t\t\t\t<\/div>\n\t\t<div class=\"elementor-element elementor-element-162d769 e-con-full e-flex e-con e-child\" data-id=\"162d769\" data-element_type=\"container\">\n\t\t\t\t<div class=\"elementor-element elementor-element-3f1849e elementor-widget elementor-widget-heading\" data-id=\"3f1849e\" data-element_type=\"widget\" data-widget_type=\"heading.default\">\n\t\t\t\t<div class=\"elementor-widget-container\">\n\t\t\t\t\t<h2 class=\"elementor-heading-title elementor-size-default\">2. INFORMATION ON COLLECTION<\/h2>\t\t\t\t<\/div>\n\t\t\t\t<\/div>\n\t\t\t\t<div class=\"elementor-element elementor-element-9f490b6 elementor-widget elementor-widget-text-editor\" data-id=\"9f490b6\" data-element_type=\"widget\" data-widget_type=\"text-editor.default\">\n\t\t\t\t<div class=\"elementor-widget-container\">\n\t\t\t\t\t\t\t\t\t<p>The use of cookies by our website mainly enables us to evaluate the general use of the website by Internet users, to authenticate users, to establish the popularity of content, to analyse site traffic and the effectiveness of advertising campaigns and to understand the behaviour of our users and their interest in our services.<\/p><p>For example, we measure the frequency of visits to certain pages of the site. We do this in order to improve the quality of our website.<\/p>\t\t\t\t\t\t\t\t<\/div>\n\t\t\t\t<\/div>\n\t\t\t\t<\/div>\n\t\t<div class=\"elementor-element elementor-element-744c328 e-con-full e-flex e-con e-child\" data-id=\"744c328\" data-element_type=\"container\">\n\t\t\t\t<div class=\"elementor-element elementor-element-b33f5ba elementor-widget elementor-widget-heading\" data-id=\"b33f5ba\" data-element_type=\"widget\" data-widget_type=\"heading.default\">\n\t\t\t\t<div class=\"elementor-widget-container\">\n\t\t\t\t\t<h2 class=\"elementor-heading-title elementor-size-default\">3. COOKIES ISSUED BY DELIVERBAG<\/h2>\t\t\t\t<\/div>\n\t\t\t\t<\/div>\n\t\t\t\t<div class=\"elementor-element elementor-element-edc7a45 elementor-widget elementor-widget-text-editor\" data-id=\"edc7a45\" data-element_type=\"widget\" data-widget_type=\"text-editor.default\">\n\t\t\t\t<div class=\"elementor-widget-container\">\n\t\t\t\t\t\t\t\t\t<p>Cookies linked to the use of our website: These are cookies that are strictly necessary or linked to functionalities and which are essential for the use of the website. These cookies will enable you to use the basic functions and navigate between the different pages.<\/p>\t\t\t\t\t\t\t\t<\/div>\n\t\t\t\t<\/div>\n\t\t\t\t<\/div>\n\t\t<div class=\"elementor-element elementor-element-e897dfe e-con-full e-flex e-con e-child\" data-id=\"e897dfe\" data-element_type=\"container\">\n\t\t\t\t<div class=\"elementor-element elementor-element-83bae37 elementor-widget elementor-widget-heading\" data-id=\"83bae37\" data-element_type=\"widget\" data-widget_type=\"heading.default\">\n\t\t\t\t<div class=\"elementor-widget-container\">\n\t\t\t\t\t<h2 class=\"elementor-heading-title elementor-size-default\">4. THIRD PARTY COOKIES<\/h2>\t\t\t\t<\/div>\n\t\t\t\t<\/div>\n\t\t\t\t<div class=\"elementor-element elementor-element-e6e1e31 elementor-widget elementor-widget-text-editor\" data-id=\"e6e1e31\" data-element_type=\"widget\" data-widget_type=\"text-editor.default\">\n\t\t\t\t<div class=\"elementor-widget-container\">\n\t\t\t\t\t\t\t\t\t<p>These cookies are not placed by Deliverbag, but by third-party companies. They are, however, validated by Deliverbag. The main purpose of these cookies is to understand and analyse the behaviour of Internet users on our website and to personalise the advertising offers that our partners may send you.<\/p><p>Analysis, performance and audience measurement cookies: These cookies generate anonymous data that enables us to analyse the performance of our website, detect malfunctions and study behaviour in order to improve the experience of our users. Deliverbag uses Google Analytics and Google Ads.<\/p>\t\t\t\t\t\t\t\t<\/div>\n\t\t\t\t<\/div>\n\t\t\t\t<\/div>\n\t\t<div class=\"elementor-element elementor-element-9989176 e-con-full e-flex e-con e-child\" data-id=\"9989176\" data-element_type=\"container\">\n\t\t\t\t<div class=\"elementor-element elementor-element-dc34c5c elementor-widget elementor-widget-heading\" data-id=\"dc34c5c\" data-element_type=\"widget\" data-widget_type=\"heading.default\">\n\t\t\t\t<div class=\"elementor-widget-container\">\n\t\t\t\t\t<h2 class=\"elementor-heading-title elementor-size-default\">5. OPPOSITION TO THE USE OF COOKIES<\/h2>\t\t\t\t<\/div>\n\t\t\t\t<\/div>\n\t\t\t\t<div class=\"elementor-element elementor-element-654c324 elementor-widget elementor-widget-text-editor\" data-id=\"654c324\" data-element_type=\"widget\" data-widget_type=\"text-editor.default\">\n\t\t\t\t<div class=\"elementor-widget-container\">\n\t\t\t\t\t\t\t\t\t<p>You can accept or refuse certain cookies by adjusting your browser settings. You can :<\/p><ul><li>systematically save all cookies; ;<\/li><li>configure your browser to allow you to accept or refuse the cookies that are regularly offered on each of the sites you visit:<\/li><li>to prevent Google Analytics from tracking you on all websites, visit <a href=\"http:\/\/tools.google.com\/dlpage\/gaoptout\">http:\/\/tools.google.com\/dlpage\/gaoptout<\/a>.<\/li><li>systematically refuse all cookies. In this case, Deliverbag declines all responsibility for any malfunction or difficulty in using certain functions.<\/li><\/ul><p>If you have any questions about our policy on the use of cookies, please contact : <a href=\"mailto:privacy@deliverbag.com\">privacy@deliverbag.com<\/a><\/p>\t\t\t\t\t\t\t\t<\/div>\n\t\t\t\t<\/div>\n\t\t\t\t<\/div>\n\t\t\t\t\t<\/div>\n\t\t\t\t<\/div>\n\t\t\t\t<\/div>","protected":false},"excerpt":{"rendered":"<p>POLITIQUE RELATIVE AUX COOKIES NOTRE SITE INTERNET UTILISE DES COOKIES AFIN D&rsquo;ANALYSER LE PARCOURS DE NOS UTILISATEURS ET D&rsquo;AM\u00c9LIORER LES FONCTIONNALIT\u00c9S DE NOTRE INTERFACE WEB ET\/OU DE NOTRE APPLICATION. VOUS AVEZ LA POSSIBILIT\u00c9 DE CONFIGURER VOTRE NAVIGATEUR POUR V\u00c9RIFIER LES PARAM\u00c9TRAGES DES COOKIES ET D\u00c9CIDER INDIVIDUELLEMENT DE LEUR ACCEPTATION OU DE LEUR EXCLUSION. LA NON-ACCEPTATION [&hellip;]<\/p>","protected":false},"author":1,"featured_media":0,"parent":0,"menu_order":0,"comment_status":"closed","ping_status":"closed","template":"elementor_header_footer","meta":{"footnotes":""},"class_list":["post-2486","page","type-page","status-publish","hentry"],"yoast_head":"<!-- This site is optimized with the Yoast SEO plugin v26.3 - https:\/\/yoast.com\/wordpress\/plugins\/seo\/ -->\n<title>Cookies - Deliverbag<\/title>\n<meta name=\"robots\" content=\"index, follow, max-snippet:-1, max-image-preview:large, max-video-preview:-1\" \/>\n<link rel=\"canonical\" href=\"https:\/\/www.deliverbag.com\/en\/cookies\/\" \/>\n<meta property=\"og:locale\" content=\"en_GB\" \/>\n<meta property=\"og:type\" content=\"article\" \/>\n<meta property=\"og:title\" content=\"Cookies - Deliverbag\" \/>\n<meta property=\"og:description\" content=\"POLITIQUE RELATIVE AUX COOKIES NOTRE SITE INTERNET UTILISE DES COOKIES AFIN D&rsquo;ANALYSER LE PARCOURS DE NOS UTILISATEURS ET D&rsquo;AM\u00c9LIORER LES FONCTIONNALIT\u00c9S DE NOTRE INTERFACE WEB ET\/OU DE NOTRE APPLICATION. VOUS AVEZ LA POSSIBILIT\u00c9 DE CONFIGURER VOTRE NAVIGATEUR POUR V\u00c9RIFIER LES PARAM\u00c9TRAGES DES COOKIES ET D\u00c9CIDER INDIVIDUELLEMENT DE LEUR ACCEPTATION OU DE LEUR EXCLUSION. LA NON-ACCEPTATION [&hellip;]\" \/>\n<meta property=\"og:url\" content=\"https:\/\/www.deliverbag.com\/en\/cookies\/\" \/>\n<meta property=\"og:site_name\" content=\"Deliverbag\" \/>\n<meta property=\"article:modified_time\" content=\"2025-04-24T14:38:09+00:00\" \/>\n<meta name=\"twitter:card\" content=\"summary_large_image\" \/>\n<meta name=\"twitter:label1\" content=\"Estimated reading time\" \/>\n\t<meta name=\"twitter:data1\" content=\"3 minutes\" \/>\n<script type=\"application\/ld+json\" class=\"yoast-schema-graph\">{\"@context\":\"https:\/\/schema.org\",\"@graph\":[{\"@type\":\"WebPage\",\"@id\":\"https:\/\/www.deliverbag.com\/cookies\/\",\"url\":\"https:\/\/www.deliverbag.com\/cookies\/\",\"name\":\"Cookies - Deliverbag\",\"isPartOf\":{\"@id\":\"https:\/\/www.deliverbag.com\/#website\"},\"datePublished\":\"2025-04-02T14:17:24+00:00\",\"dateModified\":\"2025-04-24T14:38:09+00:00\",\"breadcrumb\":{\"@id\":\"https:\/\/www.deliverbag.com\/cookies\/#breadcrumb\"},\"inLanguage\":\"en-GB\",\"potentialAction\":[{\"@type\":\"ReadAction\",\"target\":[\"https:\/\/www.deliverbag.com\/cookies\/\"]}]},{\"@type\":\"BreadcrumbList\",\"@id\":\"https:\/\/www.deliverbag.com\/cookies\/#breadcrumb\",\"itemListElement\":[{\"@type\":\"ListItem\",\"position\":1,\"name\":\"Accueil\",\"item\":\"https:\/\/www.deliverbag.com\/\"},{\"@type\":\"ListItem\",\"position\":2,\"name\":\"Cookies\"}]},{\"@type\":\"WebSite\",\"@id\":\"https:\/\/www.deliverbag.com\/#website\",\"url\":\"https:\/\/www.deliverbag.com\/\",\"name\":\"Deliverbag\",\"description\":\"Livraison, portage &amp; consigne de bagages pour les groupes &amp; \u00e9v\u00e9nements !\",\"potentialAction\":[{\"@type\":\"SearchAction\",\"target\":{\"@type\":\"EntryPoint\",\"urlTemplate\":\"https:\/\/www.deliverbag.com\/?s={search_term_string}\"},\"query-input\":{\"@type\":\"PropertyValueSpecification\",\"valueRequired\":true,\"valueName\":\"search_term_string\"}}],\"inLanguage\":\"en-GB\"}]}<\/script>\n<!-- \/ Yoast SEO plugin. -->","yoast_head_json":{"title":"Cookies - Deliverbag","robots":{"index":"index","follow":"follow","max-snippet":"max-snippet:-1","max-image-preview":"max-image-preview:large","max-video-preview":"max-video-preview:-1"},"canonical":"https:\/\/www.deliverbag.com\/en\/cookies\/","og_locale":"en_GB","og_type":"article","og_title":"Cookies - Deliverbag","og_description":"POLITIQUE RELATIVE AUX COOKIES NOTRE SITE INTERNET UTILISE DES COOKIES AFIN D&rsquo;ANALYSER LE PARCOURS DE NOS UTILISATEURS ET D&rsquo;AM\u00c9LIORER LES FONCTIONNALIT\u00c9S DE NOTRE INTERFACE WEB ET\/OU DE NOTRE APPLICATION. VOUS AVEZ LA POSSIBILIT\u00c9 DE CONFIGURER VOTRE NAVIGATEUR POUR V\u00c9RIFIER LES PARAM\u00c9TRAGES DES COOKIES ET D\u00c9CIDER INDIVIDUELLEMENT DE LEUR ACCEPTATION OU DE LEUR EXCLUSION. LA NON-ACCEPTATION [&hellip;]","og_url":"https:\/\/www.deliverbag.com\/en\/cookies\/","og_site_name":"Deliverbag","article_modified_time":"2025-04-24T14:38:09+00:00","twitter_card":"summary_large_image","twitter_misc":{"Estimated reading time":"3 minutes"},"schema":{"@context":"https:\/\/schema.org","@graph":[{"@type":"WebPage","@id":"https:\/\/www.deliverbag.com\/cookies\/","url":"https:\/\/www.deliverbag.com\/cookies\/","name":"Cookies - Deliverbag","isPartOf":{"@id":"https:\/\/www.deliverbag.com\/#website"},"datePublished":"2025-04-02T14:17:24+00:00","dateModified":"2025-04-24T14:38:09+00:00","breadcrumb":{"@id":"https:\/\/www.deliverbag.com\/cookies\/#breadcrumb"},"inLanguage":"en-GB","potentialAction":[{"@type":"ReadAction","target":["https:\/\/www.deliverbag.com\/cookies\/"]}]},{"@type":"BreadcrumbList","@id":"https:\/\/www.deliverbag.com\/cookies\/#breadcrumb","itemListElement":[{"@type":"ListItem","position":1,"name":"Accueil","item":"https:\/\/www.deliverbag.com\/"},{"@type":"ListItem","position":2,"name":"Cookies"}]},{"@type":"WebSite","@id":"https:\/\/www.deliverbag.com\/#website","url":"https:\/\/www.deliverbag.com\/","name":"Deliverbag","description":"Livraison, portage &amp; consigne de bagages pour les groupes &amp; \u00e9v\u00e9nements !","potentialAction":[{"@type":"SearchAction","target":{"@type":"EntryPoint","urlTemplate":"https:\/\/www.deliverbag.com\/?s={search_term_string}"},"query-input":{"@type":"PropertyValueSpecification","valueRequired":true,"valueName":"search_term_string"}}],"inLanguage":"en-GB"}]}},"_links":{"self":[{"href":"https:\/\/www.deliverbag.com\/en\/wp-json\/wp\/v2\/pages\/2486","targetHints":{"allow":["GET"]}}],"collection":[{"href":"https:\/\/www.deliverbag.com\/en\/wp-json\/wp\/v2\/pages"}],"about":[{"href":"https:\/\/www.deliverbag.com\/en\/wp-json\/wp\/v2\/types\/page"}],"author":[{"embeddable":true,"href":"https:\/\/www.deliverbag.com\/en\/wp-json\/wp\/v2\/users\/1"}],"replies":[{"embeddable":true,"href":"https:\/\/www.deliverbag.com\/en\/wp-json\/wp\/v2\/comments?post=2486"}],"version-history":[{"count":10,"href":"https:\/\/www.deliverbag.com\/en\/wp-json\/wp\/v2\/pages\/2486\/revisions"}],"predecessor-version":[{"id":3217,"href":"https:\/\/www.deliverbag.com\/en\/wp-json\/wp\/v2\/pages\/2486\/revisions\/3217"}],"wp:attachment":[{"href":"https:\/\/www.deliverbag.com\/en\/wp-json\/wp\/v2\/media?parent=2486"}],"curies":[{"name":"wp","href":"https:\/\/api.w.org\/{rel}","templated":true}]}}