{"id":2,"date":"2025-03-12T11:40:42","date_gmt":"2025-03-12T10:40:42","guid":{"rendered":"https:\/\/www.deliverbag.com\/?page_id=2"},"modified":"2025-10-01T09:37:38","modified_gmt":"2025-10-01T07:37:38","slug":"legal-information","status":"publish","type":"page","link":"https:\/\/www.deliverbag.com\/en\/legal-information\/","title":{"rendered":"Legal information"},"content":{"rendered":"<div data-elementor-type=\"wp-page\" data-elementor-id=\"2\" class=\"elementor elementor-2\" data-elementor-post-type=\"page\">\n\t\t\t\t<div class=\"elementor-element elementor-element-37ca7d97 e-flex e-con-boxed e-con e-parent\" data-id=\"37ca7d97\" data-element_type=\"container\">\n\t\t\t\t\t<div class=\"e-con-inner\">\n\t\t\t\t<div class=\"elementor-element elementor-element-3b71a225 elementor-widget elementor-widget-heading\" data-id=\"3b71a225\" data-element_type=\"widget\" data-widget_type=\"heading.default\">\n\t\t\t\t<div class=\"elementor-widget-container\">\n\t\t\t\t\t<h1 class=\"elementor-heading-title elementor-size-default\">Legal information<\/h1>\t\t\t\t<\/div>\n\t\t\t\t<\/div>\n\t\t\t\t\t<\/div>\n\t\t\t\t<\/div>\n\t\t<div class=\"elementor-element elementor-element-8c5de63 e-flex e-con-boxed e-con e-parent\" data-id=\"8c5de63\" data-element_type=\"container\">\n\t\t\t\t\t<div class=\"e-con-inner\">\n\t\t\t\t<div class=\"elementor-element elementor-element-53a2d3a custom-text elementor-widget elementor-widget-text-editor\" data-id=\"53a2d3a\" data-element_type=\"widget\" data-widget_type=\"text-editor.default\">\n\t\t\t\t<div class=\"elementor-widget-container\">\n\t\t\t\t\t\t\t\t\t<h2>1\/ LEGAL INFORMATION<\/h2><p>In accordance with the provisions of Articles 6-III and 19 of the French Law on Confidence in the Digital Economy :<\/p><p>This website is published by SAS DELIVERBAG - SIRET 827 705 476 00022 R.C.S. Paris - whose registered office is at 67, rue Saint-Jacques, 75005 Paris, France.<\/p><p>Provider of direct and permanent storage: Mongodb<\/p><h2>2\/ LIMITATION OF LIABILITY<\/h2><p>The user acknowledges having read these conditions of use and undertakes to comply with them.<\/p><p>The user of the website\u00a0<a href=\"https:\/\/www.deliverbag.com\/en\/\" target=\"_blank\" rel=\"noopener\">www.deliverbag.com<\/a>\u00a0acknowledges that it has the skills and resources required to access and use this site. The information provided by\u00a0<a href=\"https:\/\/www.deliverbag.com\/en\/\" target=\"_blank\" rel=\"noopener\">www.deliverbag.com<\/a>\u00a0are provided for information purposes only and should not be used as a substitute for further, personalised analysis.\u00a0<a href=\"https:\/\/www.deliverbag.com\/en\/\" target=\"_blank\" rel=\"noopener\">www.deliverbag.com<\/a>\u00a0cannot guarantee the accuracy, completeness or topicality of the information published on its site. Consequently, users acknowledge that they use this information under their sole responsibility.<\/p><h2>3\/ INFORMATION TECHNOLOGY AND CIVIL LIBERTIES<\/h2><p>Automatic processing of personal data carried out on the site\u00a0<a href=\"https:\/\/www.deliverbag.com\/en\/\" target=\"_blank\" rel=\"noopener\">www.deliverbag.com<\/a>\u00a0have been processed in accordance with the requirements of Act no. 78-17 of 6 January 1978, as amended, relating to data processing, files and individual liberties.<\/p><p>Users are hereby informed that, in accordance with Article 32 of French Law no. 78-17 of 6 January 1978, as amended, relating to information technology, files and civil liberties, the information they provide via the forms on the site is required in order to respond to their request and is intended for\u00a0<a href=\"https:\/\/www.deliverbag.com\/en\/\" target=\"_blank\" rel=\"noopener\">www.deliverbag.com<\/a>, as data controller for administrative and commercial management purposes.<\/p><p>Users are informed that they have the right to access, question and rectify any personal data concerning them that is inaccurate, incomplete, ambiguous, out of date or whose collection, use, communication or storage is prohibited.<\/p><p class=\"deliver-info\">Users also have the right to object to the processing of their data for legitimate reasons, as well as the right to object to this data being used for commercial prospecting purposes.<\/p><h2>4\/ COOKIES<\/h2><p>Users are informed that when they visit the site, a cookie may be automatically installed on their browser. A cookie is a block of data that does not enable users to be identified, but is used to record information relating to their browsing on the site. Browser software can be configured to inform users of the presence of cookies and, if necessary, to refuse them, as described at the following address:\u00a0<a href=\"https:\/\/www.cnil.fr\/\" target=\"_blank\" rel=\"noopener\">www.cnil.fr<\/a><\/p><p class=\"deliver-info\">Users have all the aforementioned rights with regard to personal data communicated via cookies under the conditions indicated above. Users of the website\u00a0<a href=\"https:\/\/www.deliverbag.com\/en\/\" target=\"_blank\" rel=\"noopener\">www.deliverbag.com<\/a>\u00a0are required to comply with the provisions of Act no. 78-17 of 6 January 1978, as amended, relating to information technology, files and civil liberties, any breach of which is subject to criminal penalties. In particular, they must refrain from collecting or misusing any personal information to which they have access or may have access, and in general from any act likely to infringe the privacy or reputation of individuals.<\/p><h2>5\/ INTELLECTUAL PROPERTY<\/h2><p>The general structure, software, texts, images (animated or not), know-how and all other elements making up the site are the exclusive property of\u00a0<a href=\"https:\/\/www.deliverbag.com\/en\/\" target=\"_blank\" rel=\"noopener\">www.deliverbag.com<\/a>. Any total or partial representation of this site by any person whatsoever without the express authorisation of\u00a0<a href=\"https:\/\/www.deliverbag.com\/en\/\" target=\"_blank\" rel=\"noopener\">www.deliverbag.com<\/a>\u00a0is prohibited and constitutes an infringement punishable by articles L. 335-2 et seq. of the French Intellectual Property Code. The same applies to any databases appearing on the website, which are protected by the provisions of the Act of 1 July 1998 transposing the Directive of 11 March 1996 on the legal protection of databases into the Intellectual Property Code, and of which\u00a0<a href=\"https:\/\/www.deliverbag.com\/en\/\" target=\"_blank\" rel=\"noopener\">www.deliverbag.com<\/a>\u00a0is a producer.<\/p><p>The brands of\u00a0<a href=\"https:\/\/www.deliverbag.com\/en\/\" target=\"_blank\" rel=\"noopener\">www.deliverbag.com<\/a>\u00a0and its partners, as well as the logos appearing on the site, are registered trademarks. Any reproduction, in whole or in part, of these trademarks or logos made from elements of the site without the express authorisation of\u00a0<a href=\"https:\/\/www.deliverbag.com\/en\/\" target=\"_blank\" rel=\"noopener\">www.deliverbag.com<\/a>\u00a0is therefore prohibited under the Intellectual Property Code.<\/p><p><a href=\"https:\/\/www.deliverbag.com\/en\/\" target=\"_blank\" rel=\"noopener\">www.deliverbag.com<\/a>\u00a0cannot be held responsible for access by users via the hypertext links set up within the framework of the website to other resources present on the network. Any dispute arising in connection with the use of the\u00a0<a href=\"https:\/\/www.deliverbag.com\/en\/\" target=\"_blank\" rel=\"noopener\">www.deliverbag.com<\/a>\u00a0is subject to French law. The user acknowledges the exclusive jurisdiction of the competent courts.<\/p><p>We would be grateful if users of the site could inform us of any omissions or errors by sending an e-mail from the \u00abCONTACT US\u00bb section.<\/p><p>Deliverbag - All rights reserved<\/p>\t\t\t\t\t\t\t\t<\/div>\n\t\t\t\t<\/div>\n\t\t\t\t\t<\/div>\n\t\t\t\t<\/div>\n\t\t\t\t<\/div>","protected":false},"excerpt":{"rendered":"<p>1\/ INFORMATIONS L\u00c9GALES Conform\u00e9ment aux dispositions des articles 6-III et 19 de la loi pour la Confiance dans l&rsquo;\u00c9conomie Num\u00e9rique : Le pr\u00e9sent site est \u00e9dit\u00e9 par la SAS DELIVERBAG \u2013 SIRET 827 705 476 00022 R.C.S. Paris &#8211; dont le si\u00e8ge social est situ\u00e9 : 67, rue Saint-Jacques, 75005 Paris, France. Prestataire assurant le [&hellip;]<\/p>","protected":false},"author":1,"featured_media":0,"parent":0,"menu_order":0,"comment_status":"closed","ping_status":"open","template":"elementor_header_footer","meta":{"footnotes":""},"class_list":["post-2","page","type-page","status-publish","hentry"],"yoast_head":"<!-- This site is optimized with the Yoast SEO plugin v26.3 - https:\/\/yoast.com\/wordpress\/plugins\/seo\/ -->\n<title>Mentions l\u00e9gales Deliverbag \u2013 Transport s\u00e9curis\u00e9 de bagages<\/title>\n<meta name=\"description\" content=\"Consultez les mentions l\u00e9gales de Deliverbag : informations l\u00e9gales, \u00e9diteur du site, h\u00e9bergeur, responsabilit\u00e9 de l\u2019utilisateur et conditions d\u2019utilisation.\" \/>\n<meta name=\"robots\" content=\"index, follow, max-snippet:-1, max-image-preview:large, max-video-preview:-1\" \/>\n<link rel=\"canonical\" href=\"https:\/\/www.deliverbag.com\/en\/legal-information\/\" \/>\n<meta property=\"og:locale\" content=\"en_GB\" \/>\n<meta property=\"og:type\" content=\"article\" \/>\n<meta property=\"og:title\" content=\"Mentions l\u00e9gales Deliverbag \u2013 Transport s\u00e9curis\u00e9 de bagages\" \/>\n<meta property=\"og:description\" content=\"Consultez les mentions l\u00e9gales de Deliverbag : informations l\u00e9gales, \u00e9diteur du site, h\u00e9bergeur, responsabilit\u00e9 de l\u2019utilisateur et conditions d\u2019utilisation.\" \/>\n<meta property=\"og:url\" content=\"https:\/\/www.deliverbag.com\/en\/legal-information\/\" \/>\n<meta property=\"og:site_name\" content=\"Deliverbag\" \/>\n<meta property=\"article:modified_time\" content=\"2025-10-01T07:37:38+00:00\" \/>\n<meta name=\"twitter:card\" content=\"summary_large_image\" \/>\n<meta name=\"twitter:label1\" content=\"Estimated reading time\" \/>\n\t<meta name=\"twitter:data1\" content=\"5 minutes\" \/>\n<script type=\"application\/ld+json\" class=\"yoast-schema-graph\">{\"@context\":\"https:\/\/schema.org\",\"@graph\":[{\"@type\":\"WebPage\",\"@id\":\"https:\/\/www.deliverbag.com\/mentions-legales\/\",\"url\":\"https:\/\/www.deliverbag.com\/mentions-legales\/\",\"name\":\"Mentions l\u00e9gales Deliverbag \u2013 Transport s\u00e9curis\u00e9 de bagages\",\"isPartOf\":{\"@id\":\"https:\/\/www.deliverbag.com\/#website\"},\"datePublished\":\"2025-03-12T10:40:42+00:00\",\"dateModified\":\"2025-10-01T07:37:38+00:00\",\"description\":\"Consultez les mentions l\u00e9gales de Deliverbag : informations l\u00e9gales, \u00e9diteur du site, h\u00e9bergeur, responsabilit\u00e9 de l\u2019utilisateur et conditions d\u2019utilisation.\",\"breadcrumb\":{\"@id\":\"https:\/\/www.deliverbag.com\/mentions-legales\/#breadcrumb\"},\"inLanguage\":\"en-GB\",\"potentialAction\":[{\"@type\":\"ReadAction\",\"target\":[\"https:\/\/www.deliverbag.com\/mentions-legales\/\"]}]},{\"@type\":\"BreadcrumbList\",\"@id\":\"https:\/\/www.deliverbag.com\/mentions-legales\/#breadcrumb\",\"itemListElement\":[{\"@type\":\"ListItem\",\"position\":1,\"name\":\"Accueil\",\"item\":\"https:\/\/www.deliverbag.com\/\"},{\"@type\":\"ListItem\",\"position\":2,\"name\":\"Mentions l\u00e9gales\"}]},{\"@type\":\"WebSite\",\"@id\":\"https:\/\/www.deliverbag.com\/#website\",\"url\":\"https:\/\/www.deliverbag.com\/\",\"name\":\"Deliverbag\",\"description\":\"Livraison, portage &amp; consigne de bagages pour les groupes &amp; \u00e9v\u00e9nements !\",\"potentialAction\":[{\"@type\":\"SearchAction\",\"target\":{\"@type\":\"EntryPoint\",\"urlTemplate\":\"https:\/\/www.deliverbag.com\/?s={search_term_string}\"},\"query-input\":{\"@type\":\"PropertyValueSpecification\",\"valueRequired\":true,\"valueName\":\"search_term_string\"}}],\"inLanguage\":\"en-GB\"}]}<\/script>\n<!-- \/ Yoast SEO plugin. -->","yoast_head_json":{"title":"Legal information Deliverbag - Secure luggage transportation","description":"Consult the Deliverbag legal notice: legal information, site publisher, host, user responsibility and conditions of use.","robots":{"index":"index","follow":"follow","max-snippet":"max-snippet:-1","max-image-preview":"max-image-preview:large","max-video-preview":"max-video-preview:-1"},"canonical":"https:\/\/www.deliverbag.com\/en\/legal-information\/","og_locale":"en_GB","og_type":"article","og_title":"Mentions l\u00e9gales Deliverbag \u2013 Transport s\u00e9curis\u00e9 de bagages","og_description":"Consultez les mentions l\u00e9gales de Deliverbag : informations l\u00e9gales, \u00e9diteur du site, h\u00e9bergeur, responsabilit\u00e9 de l\u2019utilisateur et conditions d\u2019utilisation.","og_url":"https:\/\/www.deliverbag.com\/en\/legal-information\/","og_site_name":"Deliverbag","article_modified_time":"2025-10-01T07:37:38+00:00","twitter_card":"summary_large_image","twitter_misc":{"Estimated reading time":"5 minutes"},"schema":{"@context":"https:\/\/schema.org","@graph":[{"@type":"WebPage","@id":"https:\/\/www.deliverbag.com\/mentions-legales\/","url":"https:\/\/www.deliverbag.com\/mentions-legales\/","name":"Legal information Deliverbag - Secure luggage transportation","isPartOf":{"@id":"https:\/\/www.deliverbag.com\/#website"},"datePublished":"2025-03-12T10:40:42+00:00","dateModified":"2025-10-01T07:37:38+00:00","description":"Consult the Deliverbag legal notice: legal information, site publisher, host, user responsibility and conditions of use.","breadcrumb":{"@id":"https:\/\/www.deliverbag.com\/mentions-legales\/#breadcrumb"},"inLanguage":"en-GB","potentialAction":[{"@type":"ReadAction","target":["https:\/\/www.deliverbag.com\/mentions-legales\/"]}]},{"@type":"BreadcrumbList","@id":"https:\/\/www.deliverbag.com\/mentions-legales\/#breadcrumb","itemListElement":[{"@type":"ListItem","position":1,"name":"Accueil","item":"https:\/\/www.deliverbag.com\/"},{"@type":"ListItem","position":2,"name":"Mentions l\u00e9gales"}]},{"@type":"WebSite","@id":"https:\/\/www.deliverbag.com\/#website","url":"https:\/\/www.deliverbag.com\/","name":"Deliverbag","description":"Livraison, portage &amp; consigne de bagages pour les groupes &amp; \u00e9v\u00e9nements !","potentialAction":[{"@type":"SearchAction","target":{"@type":"EntryPoint","urlTemplate":"https:\/\/www.deliverbag.com\/?s={search_term_string}"},"query-input":{"@type":"PropertyValueSpecification","valueRequired":true,"valueName":"search_term_string"}}],"inLanguage":"en-GB"}]}},"_links":{"self":[{"href":"https:\/\/www.deliverbag.com\/en\/wp-json\/wp\/v2\/pages\/2","targetHints":{"allow":["GET"]}}],"collection":[{"href":"https:\/\/www.deliverbag.com\/en\/wp-json\/wp\/v2\/pages"}],"about":[{"href":"https:\/\/www.deliverbag.com\/en\/wp-json\/wp\/v2\/types\/page"}],"author":[{"embeddable":true,"href":"https:\/\/www.deliverbag.com\/en\/wp-json\/wp\/v2\/users\/1"}],"replies":[{"embeddable":true,"href":"https:\/\/www.deliverbag.com\/en\/wp-json\/wp\/v2\/comments?post=2"}],"version-history":[{"count":40,"href":"https:\/\/www.deliverbag.com\/en\/wp-json\/wp\/v2\/pages\/2\/revisions"}],"predecessor-version":[{"id":7291,"href":"https:\/\/www.deliverbag.com\/en\/wp-json\/wp\/v2\/pages\/2\/revisions\/7291"}],"wp:attachment":[{"href":"https:\/\/www.deliverbag.com\/en\/wp-json\/wp\/v2\/media?parent=2"}],"curies":[{"name":"wp","href":"https:\/\/api.w.org\/{rel}","templated":true}]}}